{"id":422,"date":"2025-03-17T11:02:17","date_gmt":"2025-03-17T15:02:17","guid":{"rendered":"http:\/\/cabosse.localhost\/mini-golf\/"},"modified":"2025-04-09T14:15:26","modified_gmt":"2025-04-09T18:15:26","slug":"mini-golf","status":"publish","type":"page","link":"https:\/\/dev.lacabossedor.com\/en\/mini-golf\/","title":{"rendered":"Mini-Golf"},"content":{"rendered":"\n<div class=\"wp-block-cover full-width banner\"><span aria-hidden=\"true\" class=\"wp-block-cover__background has-background-dim\"><\/span><img loading=\"lazy\" decoding=\"async\" width=\"1200\" height=\"330\" class=\"wp-block-cover__image-background wp-image-85\" alt=\"\" src=\"https:\/\/dev.lacabossedor.com\/wp-content\/uploads\/2025\/03\/mini-golf-e1742582073994.jpg\" data-object-fit=\"cover\" srcset=\"https:\/\/dev.lacabossedor.com\/wp-content\/uploads\/2025\/03\/mini-golf-e1742582073994.jpg 1200w, https:\/\/dev.lacabossedor.com\/wp-content\/uploads\/2025\/03\/mini-golf-e1742582073994-600x165.jpg 600w, https:\/\/dev.lacabossedor.com\/wp-content\/uploads\/2025\/03\/mini-golf-e1742582073994-300x83.jpg 300w, https:\/\/dev.lacabossedor.com\/wp-content\/uploads\/2025\/03\/mini-golf-e1742582073994-1024x282.jpg 1024w, https:\/\/dev.lacabossedor.com\/wp-content\/uploads\/2025\/03\/mini-golf-e1742582073994-768x211.jpg 768w\" sizes=\"auto, (max-width: 1200px) 100vw, 1200px\" \/><div class=\"wp-block-cover__inner-container is-layout-constrained wp-block-cover-is-layout-constrained\">\n<div class=\"wp-block-group banner-title is-layout-constrained wp-block-group-is-layout-constrained\">\n<h1 class=\"wp-block-heading has-text-align-center full-width\">Mini-Golf<\/h1>\n\n\n\n<h2 class=\"wp-block-heading has-text-align-center\">18 holes under the trees<\/h2>\n<\/div>\n<\/div><\/div>\n\n<div style=\"height:50px\" aria-hidden=\"true\" class=\"wp-block-spacer\"><\/div>\n\n<div class=\"wp-block-group is-layout-constrained wp-block-group-is-layout-constrained\">\n<div class=\"wp-block-columns is-layout-flex wp-container-core-columns-is-layout-9d6595d7 wp-block-columns-is-layout-flex\">\n<div class=\"wp-block-column is-layout-flow wp-block-column-is-layout-flow\">\n<h2 class=\"wp-block-heading\">Open<\/h2>\n\n\n\n<p>Same hours as the Boutique from June to September<\/p>\n\n\n\n<p>Last start : around 15h, weather permitting and based on the volume of customers<\/p>\n\n\n\n<h3 class=\"wp-block-heading\">June to mid-August<\/h3>\n\n\n\n<p>Everyday from 9h \u00e0 17h<\/p>\n\n\n\n<h3 class=\"wp-block-heading\">Mi-August to September<\/h3>\n\n\n\n<p>Tuesday to Sunday from 9h \u00e0 17h<\/p>\n<\/div>\n\n\n\n<div class=\"wp-block-column is-layout-flow wp-block-column-is-layout-flow\">\n<h2 class=\"wp-block-heading has-text-align-center\">Rates<\/h2>\n\n\n\n<figure class=\"wp-block-table is-style-regular\"><table><thead><tr><th>Player<\/th><th class=\"has-text-align-center\" data-align=\"center\">Price<\/th><\/tr><\/thead><tbody><tr><td>Adults (16 &amp; older)<\/td><td class=\"has-text-align-center\" data-align=\"center\">13,00$<\/td><\/tr><tr><td>Child 6 \u00e0 15 ans<\/td><td class=\"has-text-align-center\" data-align=\"center\">10,00$<\/td><\/tr><tr><td>Child 5 &amp; younger :<br\/>accompanied by a paying adult<br\/>accompanied by a non-paying adult<\/td><td class=\"has-text-align-center\" data-align=\"center\"><br\/>7,00$<br\/>8,00$<\/td><\/tr><tr><td>Retiree<\/td><td class=\"has-text-align-center\" data-align=\"center\">10,00$<\/td><\/tr><tr><td>Family &#8211; 2 adults &amp; 2 children<\/td><td class=\"has-text-align-center\" data-align=\"center\">40,00$<\/td><\/tr><tr><td>Adults &#8211; Tuesday &amp; Wednesday<\/td><td class=\"has-text-align-center\" data-align=\"center\">7,00$<\/td><\/tr><tr><td>Before noon &#8211; general entry<\/td><td class=\"has-text-align-center\" data-align=\"center\">7,00$<\/td><\/tr><\/tbody><\/table><\/figure>\n\n\n\n<p>Please come to the Boutique for payment<\/p>\n<\/div>\n<\/div>\n<\/div>\n","protected":false},"excerpt":{"rendered":"<p>Open Same hours as the Boutique from June to September Last start : around 15h, weather permitting and based on the volume of customers June to mid-August Everyday from 9h \u00e0 17h Mi-August to September Tuesday to Sunday from 9h \u00e0 17h Rates Player Price Adults (16 &amp; older) 13,00$ Child 6 \u00e0 15 ans\u2026<\/p>\n","protected":false},"author":1,"featured_media":0,"parent":0,"menu_order":0,"comment_status":"closed","ping_status":"closed","template":"","meta":{"_acf_changed":false,"footnotes":""},"class_list":["post-422","page","type-page","status-publish","hentry"],"acf":[],"_links":{"self":[{"href":"https:\/\/dev.lacabossedor.com\/en\/wp-json\/wp\/v2\/pages\/422","targetHints":{"allow":["GET"]}}],"collection":[{"href":"https:\/\/dev.lacabossedor.com\/en\/wp-json\/wp\/v2\/pages"}],"about":[{"href":"https:\/\/dev.lacabossedor.com\/en\/wp-json\/wp\/v2\/types\/page"}],"author":[{"embeddable":true,"href":"https:\/\/dev.lacabossedor.com\/en\/wp-json\/wp\/v2\/users\/1"}],"replies":[{"embeddable":true,"href":"https:\/\/dev.lacabossedor.com\/en\/wp-json\/wp\/v2\/comments?post=422"}],"version-history":[{"count":3,"href":"https:\/\/dev.lacabossedor.com\/en\/wp-json\/wp\/v2\/pages\/422\/revisions"}],"predecessor-version":[{"id":448,"href":"https:\/\/dev.lacabossedor.com\/en\/wp-json\/wp\/v2\/pages\/422\/revisions\/448"}],"wp:attachment":[{"href":"https:\/\/dev.lacabossedor.com\/en\/wp-json\/wp\/v2\/media?parent=422"}],"curies":[{"name":"wp","href":"https:\/\/api.w.org\/{rel}","templated":true}]}}